{"id":1236,"date":"2023-10-19T00:29:41","date_gmt":"2023-10-19T00:29:41","guid":{"rendered":"https:\/\/litensaftermarket.com\/?page_id=1236"},"modified":"2024-12-27T21:03:23","modified_gmt":"2024-12-27T21:03:23","slug":"acerca-de","status":"publish","type":"page","link":"https:\/\/litensaftermarket.com\/es\/acerca-de\/","title":{"rendered":"Acerca de"},"content":{"rendered":"","protected":false},"excerpt":{"rendered":"","protected":false},"author":2,"featured_media":830,"parent":0,"menu_order":0,"comment_status":"closed","ping_status":"closed","template":"page-no-hero.php","meta":{"_acf_changed":false,"om_disable_all_campaigns":false,"_monsterinsights_skip_tracking":false,"_monsterinsights_sitenote_active":false,"_monsterinsights_sitenote_note":"","_monsterinsights_sitenote_category":0,"_uf_show_specific_survey":0,"_uf_disable_surveys":false,"footnotes":""},"class_list":["post-1236","page","type-page","status-publish","has-post-thumbnail","hentry"],"acf":[],"aioseo_notices":[],"yoast_head":"<!-- This site is optimized with the Yoast SEO plugin v27.2 - https:\/\/yoast.com\/product\/yoast-seo-wordpress\/ -->\n<title>Acerca de - Litens Aftermarket<\/title>\n<meta name=\"description\" content=\"L\u00edder mundial en el dise\u00f1o y la fabricaci\u00f3n de componentes de transmisi\u00f3n para la industria automotriz con calidad de equipo original y comprometidos con la sostenibilidad.\" \/>\n<meta name=\"robots\" content=\"index, follow, max-snippet:-1, max-image-preview:large, max-video-preview:-1\" \/>\n<link rel=\"canonical\" href=\"https:\/\/litensaftermarket.com\/es\/acerca-de\/\" \/>\n<meta property=\"og:locale\" content=\"es_ES\" \/>\n<meta property=\"og:type\" content=\"article\" \/>\n<meta property=\"og:title\" content=\"Acerca de - Litens Aftermarket\" \/>\n<meta property=\"og:description\" content=\"L\u00edder mundial en el dise\u00f1o y la fabricaci\u00f3n de componentes de transmisi\u00f3n para la industria automotriz con calidad de equipo original y comprometidos con la sostenibilidad.\" \/>\n<meta property=\"og:url\" content=\"https:\/\/litensaftermarket.com\/es\/acerca-de\/\" \/>\n<meta property=\"og:site_name\" content=\"Litens Aftermarket\" \/>\n<meta property=\"article:modified_time\" content=\"2024-12-27T21:03:23+00:00\" \/>\n<meta property=\"og:image\" content=\"https:\/\/litensaftermarket.com\/wp-content\/uploads\/2023\/12\/Vector.png\" \/>\n\t<meta property=\"og:image:width\" content=\"1229\" \/>\n\t<meta property=\"og:image:height\" content=\"1560\" \/>\n\t<meta property=\"og:image:type\" content=\"image\/png\" \/>\n<meta name=\"twitter:card\" content=\"summary_large_image\" \/>\n<meta name=\"twitter:label1\" content=\"Tiempo de lectura\" \/>\n\t<meta name=\"twitter:data1\" content=\"1 minuto\" \/>\n<script type=\"application\/ld+json\" class=\"yoast-schema-graph\">{\"@context\":\"https:\/\/schema.org\",\"@graph\":[{\"@type\":\"WebPage\",\"@id\":\"https:\/\/litensaftermarket.com\/es\/acerca-de\/\",\"url\":\"https:\/\/litensaftermarket.com\/es\/acerca-de\/\",\"name\":\"Acerca de - Litens Aftermarket\",\"isPartOf\":{\"@id\":\"https:\/\/litensaftermarket.com\/es\/#website\"},\"primaryImageOfPage\":{\"@id\":\"https:\/\/litensaftermarket.com\/es\/acerca-de\/#primaryimage\"},\"image\":{\"@id\":\"https:\/\/litensaftermarket.com\/es\/acerca-de\/#primaryimage\"},\"thumbnailUrl\":\"https:\/\/litensaftermarket.com\/wp-content\/uploads\/2023\/12\/Vector.png\",\"datePublished\":\"2023-10-19T00:29:41+00:00\",\"dateModified\":\"2024-12-27T21:03:23+00:00\",\"description\":\"L\u00edder mundial en el dise\u00f1o y la fabricaci\u00f3n de componentes de transmisi\u00f3n para la industria automotriz con calidad de equipo original y comprometidos con la sostenibilidad.\",\"breadcrumb\":{\"@id\":\"https:\/\/litensaftermarket.com\/es\/acerca-de\/#breadcrumb\"},\"inLanguage\":\"es\",\"potentialAction\":[{\"@type\":\"ReadAction\",\"target\":[\"https:\/\/litensaftermarket.com\/es\/acerca-de\/\"]}]},{\"@type\":\"ImageObject\",\"inLanguage\":\"es\",\"@id\":\"https:\/\/litensaftermarket.com\/es\/acerca-de\/#primaryimage\",\"url\":\"https:\/\/litensaftermarket.com\/wp-content\/uploads\/2023\/12\/Vector.png\",\"contentUrl\":\"https:\/\/litensaftermarket.com\/wp-content\/uploads\/2023\/12\/Vector.png\",\"width\":1229,\"height\":1560},{\"@type\":\"BreadcrumbList\",\"@id\":\"https:\/\/litensaftermarket.com\/es\/acerca-de\/#breadcrumb\",\"itemListElement\":[{\"@type\":\"ListItem\",\"position\":1,\"name\":\"Inicio\",\"item\":\"https:\/\/litensaftermarket.com\/es\/\"},{\"@type\":\"ListItem\",\"position\":2,\"name\":\"Acerca de\"}]},{\"@type\":\"WebSite\",\"@id\":\"https:\/\/litensaftermarket.com\/es\/#website\",\"url\":\"https:\/\/litensaftermarket.com\/es\/\",\"name\":\"Litens Aftermarket\",\"description\":\"\",\"potentialAction\":[{\"@type\":\"SearchAction\",\"target\":{\"@type\":\"EntryPoint\",\"urlTemplate\":\"https:\/\/litensaftermarket.com\/es\/?s={search_term_string}\"},\"query-input\":{\"@type\":\"PropertyValueSpecification\",\"valueRequired\":true,\"valueName\":\"search_term_string\"}}],\"inLanguage\":\"es\"}]}<\/script>\n<!-- \/ Yoast SEO plugin. -->","yoast_head_json":{"title":"Acerca de - Litens Aftermarket","description":"L\u00edder mundial en el dise\u00f1o y la fabricaci\u00f3n de componentes de transmisi\u00f3n para la industria automotriz con calidad de equipo original y comprometidos con la sostenibilidad.","robots":{"index":"index","follow":"follow","max-snippet":"max-snippet:-1","max-image-preview":"max-image-preview:large","max-video-preview":"max-video-preview:-1"},"canonical":"https:\/\/litensaftermarket.com\/es\/acerca-de\/","og_locale":"es_ES","og_type":"article","og_title":"Acerca de - Litens Aftermarket","og_description":"L\u00edder mundial en el dise\u00f1o y la fabricaci\u00f3n de componentes de transmisi\u00f3n para la industria automotriz con calidad de equipo original y comprometidos con la sostenibilidad.","og_url":"https:\/\/litensaftermarket.com\/es\/acerca-de\/","og_site_name":"Litens Aftermarket","article_modified_time":"2024-12-27T21:03:23+00:00","og_image":[{"width":1229,"height":1560,"url":"https:\/\/litensaftermarket.com\/wp-content\/uploads\/2023\/12\/Vector.png","type":"image\/png"}],"twitter_card":"summary_large_image","twitter_misc":{"Tiempo de lectura":"1 minuto"},"schema":{"@context":"https:\/\/schema.org","@graph":[{"@type":"WebPage","@id":"https:\/\/litensaftermarket.com\/es\/acerca-de\/","url":"https:\/\/litensaftermarket.com\/es\/acerca-de\/","name":"Acerca de - Litens Aftermarket","isPartOf":{"@id":"https:\/\/litensaftermarket.com\/es\/#website"},"primaryImageOfPage":{"@id":"https:\/\/litensaftermarket.com\/es\/acerca-de\/#primaryimage"},"image":{"@id":"https:\/\/litensaftermarket.com\/es\/acerca-de\/#primaryimage"},"thumbnailUrl":"https:\/\/litensaftermarket.com\/wp-content\/uploads\/2023\/12\/Vector.png","datePublished":"2023-10-19T00:29:41+00:00","dateModified":"2024-12-27T21:03:23+00:00","description":"L\u00edder mundial en el dise\u00f1o y la fabricaci\u00f3n de componentes de transmisi\u00f3n para la industria automotriz con calidad de equipo original y comprometidos con la sostenibilidad.","breadcrumb":{"@id":"https:\/\/litensaftermarket.com\/es\/acerca-de\/#breadcrumb"},"inLanguage":"es","potentialAction":[{"@type":"ReadAction","target":["https:\/\/litensaftermarket.com\/es\/acerca-de\/"]}]},{"@type":"ImageObject","inLanguage":"es","@id":"https:\/\/litensaftermarket.com\/es\/acerca-de\/#primaryimage","url":"https:\/\/litensaftermarket.com\/wp-content\/uploads\/2023\/12\/Vector.png","contentUrl":"https:\/\/litensaftermarket.com\/wp-content\/uploads\/2023\/12\/Vector.png","width":1229,"height":1560},{"@type":"BreadcrumbList","@id":"https:\/\/litensaftermarket.com\/es\/acerca-de\/#breadcrumb","itemListElement":[{"@type":"ListItem","position":1,"name":"Inicio","item":"https:\/\/litensaftermarket.com\/es\/"},{"@type":"ListItem","position":2,"name":"Acerca de"}]},{"@type":"WebSite","@id":"https:\/\/litensaftermarket.com\/es\/#website","url":"https:\/\/litensaftermarket.com\/es\/","name":"Litens Aftermarket","description":"","potentialAction":[{"@type":"SearchAction","target":{"@type":"EntryPoint","urlTemplate":"https:\/\/litensaftermarket.com\/es\/?s={search_term_string}"},"query-input":{"@type":"PropertyValueSpecification","valueRequired":true,"valueName":"search_term_string"}}],"inLanguage":"es"}]}},"_links":{"self":[{"href":"https:\/\/litensaftermarket.com\/es\/wp-json\/wp\/v2\/pages\/1236","targetHints":{"allow":["GET"]}}],"collection":[{"href":"https:\/\/litensaftermarket.com\/es\/wp-json\/wp\/v2\/pages"}],"about":[{"href":"https:\/\/litensaftermarket.com\/es\/wp-json\/wp\/v2\/types\/page"}],"author":[{"embeddable":true,"href":"https:\/\/litensaftermarket.com\/es\/wp-json\/wp\/v2\/users\/2"}],"replies":[{"embeddable":true,"href":"https:\/\/litensaftermarket.com\/es\/wp-json\/wp\/v2\/comments?post=1236"}],"version-history":[{"count":0,"href":"https:\/\/litensaftermarket.com\/es\/wp-json\/wp\/v2\/pages\/1236\/revisions"}],"wp:featuredmedia":[{"embeddable":true,"href":"https:\/\/litensaftermarket.com\/es\/wp-json\/wp\/v2\/media\/830"}],"wp:attachment":[{"href":"https:\/\/litensaftermarket.com\/es\/wp-json\/wp\/v2\/media?parent=1236"}],"curies":[{"name":"wp","href":"https:\/\/api.w.org\/{rel}","templated":true}]}}