{"id":1206,"date":"2023-10-18T16:11:15","date_gmt":"2023-10-18T16:11:15","guid":{"rendered":"https:\/\/litensaftermarket.com\/?page_id=1206"},"modified":"2024-02-08T21:30:56","modified_gmt":"2024-02-08T21:30:56","slug":"politica-de-privacidad","status":"publish","type":"page","link":"https:\/\/litensaftermarket.com\/es\/politica-de-privacidad\/","title":{"rendered":"Pol\u00edtica de Privacidad"},"content":{"rendered":"\r\n<p class=\"p1\">\u00daltima actualizaci\u00f3n: enero de 2024<\/p>\r\n<p class=\"p1\">Esta Pol\u00edtica de Privacidad describe nuestras pol\u00edticas y procedimientos sobre la recopilaci\u00f3n, uso y divulgaci\u00f3n de su informaci\u00f3n cuando utiliza el Servicio y le informa sobre sus derechos de privacidad y c\u00f3mo lo protege la ley.<\/p>\r\n<p class=\"p1\">Utilizamos sus datos personales para prestar y mejorar el Servicio. Al utilizar el Servicio, usted acepta la recopilaci\u00f3n y el uso de la informaci\u00f3n de acuerdo con esta Pol\u00edtica de Privacidad.<\/p>\r\n<h2 class=\"p2 wp-block-heading\">Interpretaci\u00f3n y definiciones<\/h2>\r\n<h3 class=\"p3\">Interpretaci\u00f3n<\/h3>\r\n<p class=\"p1\">Las palabras cuya letra inicial va en may\u00fascula tienen significados definidos en las siguientes condiciones. Las siguientes definiciones tendr\u00e1n el mismo significado independientemente de que aparezcan en singular o en plural.<\/p>\r\n<h3 class=\"p3\">Definiciones<\/h3>\r\n<p class=\"p1\">A los fines de esta Pol\u00edtica de Privacidad:<\/p>\r\n<ul class=\"ul1\">\r\n<li class=\"li4\"><b>Cuenta<\/b> significa una cuenta \u00fanica creada para que usted acceda a nuestro Servicio o a partes de nuestro Servicio.<\/li>\r\n<li class=\"li4\"><b>Empresa<\/b> (denominada \u201cla Empresa\u201d, \u201cNosotros\u201d, \u201cNos\u201d o \u201cNuestro\u201d en este Contrato) se refiere a Litens Aftermarket, 730 Rowntree Dairy Road Woodbridge, Ontario L4L 5T7 &#8211; CANAD\u00c1.<\/li>\r\n<li class=\"li4\">Las<b> Cookies<\/b> son peque\u00f1os archivos que un sitio web coloca en su computadora, dispositivo m\u00f3vil o cualquier otro dispositivo y que contienen, entre otros muchos usos, los datos de su historial de navegaci\u00f3n en dicho sitio web.<\/li>\r\n<li class=\"li4\"><b>Pa\u00eds<\/b> se refiere a: Ontario, Canad\u00e1<\/li>\r\n<li class=\"li4\"><b>Dispositivo<\/b> significa cualquier dispositivo que pueda acceder al Servicio, como una computadora, un tel\u00e9fono m\u00f3vil o una tableta digital.<\/li>\r\n<li class=\"li4\">Los<b> Datos personales<\/b> son cualquier informaci\u00f3n relativa a una persona f\u00edsica identificada o identificable.<\/li>\r\n<li class=\"li4\"><b>Servicio<\/b> se refiere al Sitio Web.<\/li>\r\n<li class=\"li4\"><b>Proveedor de servicios<\/b> significa cualquier persona f\u00edsica o jur\u00eddica que procese los datos en nombre de la Empresa. Se refiere a terceras empresas o personas contratadas por la Empresa para facilitar el Servicio, prestar el Servicio en nombre de la Empresa, realizar servicios relacionados con el Servicio o ayudar a la Empresa a analizar c\u00f3mo se utiliza el Servicio.<\/li>\r\n<li class=\"li4\"><b>Servicio de redes sociales de terceros<\/b> se refiere a cualquier sitio web o cualquier sitio web de redes sociales a trav\u00e9s del cual un Usuario puede iniciar sesi\u00f3n o crear una cuenta para utilizar el Servicio.<\/li>\r\n<li class=\"li4\"><b>Datos de uso<\/b> se refiere a los datos recopilados autom\u00e1ticamente, ya sean generados por el uso del Servicio o de la propia infraestructura del Servicio (por ejemplo, la duraci\u00f3n de la visita a una p\u00e1gina).<\/li>\r\n<li class=\"li4\"><b>Sitio web <\/b>se refiere a Litens Aftermarket, al que se puede acceder desde localhost:8888\/litens<\/li>\r\n<li class=\"li4\"><b>Usted<\/b> es la persona f\u00edsica que accede o utiliza el Servicio, o la empresa u otra entidad jur\u00eddica en nombre de la cual dicha persona f\u00edsica accede o utiliza el Servicio, seg\u00fan corresponda.<\/li>\r\n<\/ul>\r\n<h2 class=\"p2\">Recolecci\u00f3n y uso de sus datos personales<\/h2>\r\n<h3 class=\"p3\">Tipos de datos recolectados<\/h3>\r\n<h4 class=\"p4\">Datos personales<\/h4>\r\n<p class=\"p1\">Al utilizar nuestro Servicio, es posible que le pidamos que nos proporcione cierta informaci\u00f3n de identificaci\u00f3n personal que pueda utilizarse para ponernos en contacto con usted o identificarle. La informaci\u00f3n personal identificable puede incluir, entre otros datos:<\/p>\r\n<ul class=\"ul1\">\r\n<li class=\"li4\">Direcci\u00f3n de correo electr\u00f3nico<\/li>\r\n<li class=\"li4\">Nombre y apellido<\/li>\r\n<li class=\"li4\">N\u00famero de tel\u00e9fono<\/li>\r\n<li class=\"li4\">Direcci\u00f3n, Estado, Provincia, C\u00f3digo postal, Ciudad<\/li>\r\n<li class=\"li4\">Datos de uso<\/li>\r\n<\/ul>\r\n<h4 class=\"p4\">Datos de uso<\/h4>\r\n<p class=\"p1\">Los Datos de uso se recogen autom\u00e1ticamente al utilizar el Servicio.<\/p>\r\n<p class=\"p1\">Los Datos de uso pueden incluir informaci\u00f3n como la direcci\u00f3n de protocolo de internet de su dispositivo (p. ej., direcci\u00f3n IP), el tipo de navegador, la versi\u00f3n del navegador, las p\u00e1ginas de nuestro Servicio que visita, la hora y la fecha de su visita, el tiempo que pasa en esas p\u00e1ginas, los identificadores \u00fanicos de dispositivo y otros datos de diagn\u00f3stico.<\/p>\r\n<p class=\"p1\">Cuando accede al Servicio por o a trav\u00e9s de un dispositivo m\u00f3vil, podemos recopilar cierta informaci\u00f3n autom\u00e1ticamente, lo que incluye, entre otros, el tipo de dispositivo m\u00f3vil que utiliza, el identificador \u00fanico de su dispositivo m\u00f3vil, la direcci\u00f3n IP de su dispositivo m\u00f3vil, su sistema operativo m\u00f3vil, el tipo de navegador de internet m\u00f3vil que utiliza, identificadores \u00fanicos de dispositivo y otros datos de diagn\u00f3stico.<\/p>\r\n<p class=\"p1\">Tambi\u00e9n podemos recopilar informaci\u00f3n que su navegador env\u00eda cada vez que visita nuestro Servicio o cuando accede al Servicio por o a trav\u00e9s de un dispositivo m\u00f3vil.<\/p>\r\n<h4 class=\"p4\">Tecnolog\u00edas de seguimiento y cookies<\/h4>\r\n<p class=\"p1\">Utilizamos Cookies y tecnolog\u00edas de seguimiento similares para rastrear la actividad en nuestro Servicio y almacenar cierta informaci\u00f3n. Las tecnolog\u00edas de rastreo utilizadas son balizas, etiquetas y scripts para recopilar y rastrear informaci\u00f3n y para mejorar y analizar nuestro Servicio.<\/p>\r\n<p class=\"p1\">Usted puede indicar a su navegador que rechace todas las Cookies o que le indique cu\u00e1ndo se est\u00e1 enviando una Cookie. Sin embargo, si no acepta las Cookies, es posible que no pueda utilizar algunas partes de nuestro Servicio.<\/p>\r\n<p class=\"p1\">Las cookies pueden ser \u201cpersistentes\u201d o \u201cde sesi\u00f3n\u201d. Las Cookies persistentes permanecen en su computadora personal o dispositivo m\u00f3vil cuando se desconecta, mientras que las Cookies de sesi\u00f3n se eliminan en cuanto cierra su navegador web. M\u00e1s informaci\u00f3n sobre las cookies: <span class=\"s2\">[All About Cookies](https:\/\/www.termsfeed.com\/blog\/cookies\/)<\/span>.<\/p>\r\n<p class=\"p1\">Utilizamos tanto cookies de sesi\u00f3n como cookies persistentes para los fines que se indican a continuaci\u00f3n:<\/p>\r\n<ul class=\"ul1\">\r\n<li class=\"li4\"><b>Cookies necesarias\/esenciales<\/b><\/li>\r\n<li class=\"li4\">Tipo: Cookies de sesi\u00f3n<\/li>\r\n<li class=\"li4\">Administradas por: Nosotros<\/li>\r\n<li class=\"li4\">Prop\u00f3sito: Estas Cookies son esenciales para proporcionarle los servicios disponibles a trav\u00e9s del Sitio Web y para permitirle utilizar algunas de sus funciones. Ayudan a autenticar a los usuarios e impiden el uso fraudulento de las cuentas de usuario. Sin estas Cookies, no se pueden prestar los servicios que usted ha solicitado, y s\u00f3lo utilizamos estas Cookies para prestarle dichos servicios.<\/li>\r\n<li class=\"li4\"><b>Pol\u00edtica de cookies\/Aviso aceptaci\u00f3n de cookies<\/b><\/li>\r\n<li class=\"li4\">Tipo: Cookies persistentes<\/li>\r\n<li class=\"li4\">Administradas por: Nosotros<\/li>\r\n<li class=\"li4\">Prop\u00f3sito: Estas Cookies identifican si los usuarios han aceptado el uso de cookies en el Sitio Web.<\/li>\r\n<li class=\"li4\"><b>Cookies de funcionalidad<\/b><\/li>\r\n<li class=\"li4\">Tipo: Cookies persistentes<\/li>\r\n<li class=\"li4\">Administradas por: Nosotros<\/li>\r\n<li class=\"li4\">Prop\u00f3sito: Estas Cookies nos permiten recordar las elecciones que usted hace cuando utiliza el Sitio Web, como recordar sus datos de acceso o su preferencia de idioma. La finalidad de estas Cookies es proporcionarle una experiencia m\u00e1s personal y evitar que tenga que volver a introducir sus preferencias cada vez que utilice el Sitio Web.<\/li>\r\n<\/ul>\r\n<p class=\"p1\">Para obtener m\u00e1s informaci\u00f3n sobre las cookies que utilizamos y sus opciones en relaci\u00f3n con las cookies, visite nuestra Pol\u00edtica de cookies o la secci\u00f3n Cookies de nuestra Pol\u00edtica de Privacidad.<\/p>\r\n<h3 class=\"p3\">Uso de sus datos personales<\/h3>\r\n<p class=\"p1\">La Empresa podr\u00e1 utilizar los Datos Personales para los siguientes fines:<\/p>\r\n<ul class=\"ul1\">\r\n<li class=\"li4\"><b>Proporcionar y mantener nuestro Servicio<\/b>, incluida la supervisi\u00f3n del uso de nuestro Servicio.<\/li>\r\n<li class=\"li4\"><b>Para gestionar su cuenta:<\/b> para gestionar su registro como usuario del Servicio. Los Datos Personales que usted proporciona pueden darle acceso a diferentes funcionalidades del Servicio que est\u00e1n disponibles para usted como usuario registrado.<\/li>\r\n<li class=\"li4\"><b>Para la ejecuci\u00f3n de un contrato:<\/b> el desarrollo, cumplimiento y realizaci\u00f3n del contrato de compra de los productos, art\u00edculos o servicios que usted haya adquirido o de cualquier otro contrato con nosotros a trav\u00e9s del Servicio.<\/li>\r\n<li class=\"li4\"><b>Para ponernos en contacto con usted:<\/b> Para ponernos en contracto con usted por correo electr\u00f3nico, llamadas telef\u00f3nicas, SMS u otras formas equivalentes de comunicaci\u00f3n electr\u00f3nica, como las notificaciones push de una aplicaci\u00f3n m\u00f3vil sobre actualizaciones o comunicaciones informativas relacionadas con las funcionalidades, productos o servicios contratados, incluidas las actualizaciones de seguridad, cuando sea necesario o razonable para su implementaci\u00f3n.<\/li>\r\n<li class=\"li4\"><b>Para proporcionarle<\/b> noticias, ofertas especiales e informaci\u00f3n general sobre otros productos, servicios y eventos que ofrezcamos y que sean similares a los que ya ha adquirido o sobre los que ha preguntado, a menos que haya optado por no recibir dicha informaci\u00f3n.<\/li>\r\n<li class=\"li4\"><b>Para gestionar sus solicitudes:<\/b> Para atender y gestionar las solicitudes que nos env\u00eda a nosotros.<\/li>\r\n<\/ul>\r\n<p class=\"p1\">Podemos compartir su informaci\u00f3n personal en las siguientes situaciones:<\/p>\r\n<ul class=\"ul1\">\r\n<li class=\"li4\"><b>Con los proveedores de servicios:<\/b> Podemos compartir su informaci\u00f3n personal con proveedores de servicios para supervisar y analizar el uso de nuestro Servicio, para ponernos en contacto con usted.<\/li>\r\n<li class=\"li4\"><b>Para transferencias comerciales:<\/b> Podemos compartir o transferir su informaci\u00f3n personal en relaci\u00f3n con, o durante las negociaciones de, cualquier fusi\u00f3n, venta de activos de la empresa, financiaci\u00f3n o adquisici\u00f3n de todo o parte de nuestro negocio a otra empresa.<\/li>\r\n<li class=\"li4\"><b>Con afiliados:<\/b> Podemos compartir su informaci\u00f3n con nuestras filiales, en cuyo caso les exigiremos que respeten esta Pol\u00edtica de Privacidad. Las filiales incluyen nuestra empresa matriz y otras subsidiarias, empresas conjuntas u otras empresas que controlamos o que est\u00e1n bajo control com\u00fan con nosotros.<\/li>\r\n<li class=\"li4\"><b>Con socios comerciales:<\/b> Podemos compartir su informaci\u00f3n con nuestros socios comerciales para ofrecerle determinados productos, servicios o promociones.<\/li>\r\n<li class=\"li4\"><b>Con otros usuarios:<\/b> cuando usted comparte informaci\u00f3n personal o interact\u00faa de otro modo en las \u00e1reas p\u00fablicas con otros usuarios, dicha informaci\u00f3n puede ser vista por todos los usuarios y puede ser distribuida p\u00fablicamente fuera. Si usted interact\u00faa con otros usuarios o se registra a trav\u00e9s de un Servicio de Redes Sociales de Terceros, sus contactos en el Servicio de Redes Sociales de Terceros pueden ver su nombre, perfil, fotos y descripci\u00f3n de su actividad. Del mismo modo, otros usuarios podr\u00e1n ver descripciones de su actividad, comunicarse con usted y ver su perfil.<\/li>\r\n<\/ul>\r\n<h3 class=\"p3\">Conservaci\u00f3n de sus datos personales<\/h3>\r\n<p class=\"p1\">La Empresa conservar\u00e1 sus Datos Personales \u00fanicamente durante el tiempo que sea necesario para los fines establecidos en la presente Pol\u00edtica de Privacidad. Conservaremos y utilizaremos sus Datos Personales en la medida necesaria para cumplir con nuestras obligaciones legales (por ejemplo, si estamos obligados a conservar sus datos para cumplir con la legislaci\u00f3n aplicable), resolver litigios y hacer cumplir nuestros acuerdos legales y pol\u00edticas.<\/p>\r\n<p class=\"p1\">La Empresa tambi\u00e9n conservar\u00e1 los Datos de Uso con fines de an\u00e1lisis interno. Por lo general, los Datos de Uso se conservan durante un per\u00edodo de tiempo m\u00e1s corto, excepto cuando estos datos se utilizan para reforzar la seguridad o mejorar la funcionalidad de nuestro Servicio, o cuando estamos legalmente obligados a conservar estos datos durante per\u00edodos de tiempo m\u00e1s largos.<\/p>\r\n<h3 class=\"p3\">Transferencia de sus datos personales<\/h3>\r\n<p class=\"p1\">Su informaci\u00f3n, incluidos los Datos Personales, se procesa en las oficinas operativas de la Empresa y en cualquier otro lugar donde se encuentren las partes implicadas en el procesamiento. Esto significa que esta informaci\u00f3n puede ser transferida y mantenida en computadoras ubicadas fuera de su estado, provincia, pa\u00eds u otra jurisdicci\u00f3n gubernamental donde las leyes de protecci\u00f3n de datos pueden diferir de las de su jurisdicci\u00f3n.<\/p>\r\n<p class=\"p1\">Su consentimiento a esta Pol\u00edtica de Privacidad seguido de su env\u00edo de dicha informaci\u00f3n representa su acuerdo a dicha transferencia.<\/p>\r\n<p class=\"p1\">La Empresa tomar\u00e1 todas las medidas razonablemente necesarias para garantizar que sus datos sean tratados de forma segura y de acuerdo con esta Pol\u00edtica de Privacidad y no se realizar\u00e1 ninguna transferencia de sus Datos Personales a una organizaci\u00f3n o pa\u00eds a menos que existan controles adecuados que incluyan la seguridad de sus datos y otra informaci\u00f3n personal.<\/p>\r\n<h3 class=\"p3\">Divulgaci\u00f3n de sus datos personales<\/h3>\r\n<h4 class=\"p4\">Operaciones comerciales<\/h4>\r\n<p class=\"p1\">Si la Empresa participa en una fusi\u00f3n, adquisici\u00f3n o venta de activos, sus Datos Personales podr\u00e1n ser transferidos. Le avisaremos antes de que sus Datos Personales sean transferidos y pasen a estar sujetos a una Pol\u00edtica de Privacidad diferente.<\/p>\r\n<h4 class=\"p4\">Cumplimiento de la ley<\/h4>\r\n<p class=\"p1\">En determinadas circunstancias, la Empresa puede verse obligada a revelar sus Datos Personales si as\u00ed se lo exige la ley o en respuesta a solicitudes v\u00e1lidas de las autoridades p\u00fablicas (por ejemplo, un tribunal o una agencia gubernamental).<\/p>\r\n<h4 class=\"p4\">Otros requisitos legales<\/h4>\r\n<p class=\"p1\">La Empresa podr\u00e1 revelar sus Datos Personales en la creencia de buena fe de que dicha acci\u00f3n es necesaria para:<\/p>\r\n<ul class=\"ul1\">\r\n<li class=\"li4\">Cumplir una obligaci\u00f3n legal<\/li>\r\n<li class=\"li4\">Proteger y defender los derechos o la propiedad de la empresa<\/li>\r\n<li class=\"li4\">Prevenir o investigar posibles irregularidades en relaci\u00f3n con el Servicio<\/li>\r\n<li class=\"li4\">Proteger la seguridad personal de los usuarios del servicio o del p\u00fablico<\/li>\r\n<li class=\"li4\">Protecci\u00f3n frente a la responsabilidad jur\u00eddica<\/li>\r\n<\/ul>\r\n<h4 class=\"p3\">Seguridad de sus datos personales<\/h4>\r\n<p class=\"p1\">La seguridad de sus Datos Personales es importante para nosotros, pero recuerde que ning\u00fan m\u00e9todo de transmisi\u00f3n a trav\u00e9s de internet, o m\u00e9todo de almacenamiento electr\u00f3nico es 100\u00a0% seguro. Aunque nos esforzamos por utilizar medios comercialmente aceptables para proteger sus Datos Personales, no podemos garantizar su seguridad absoluta.<\/p>\r\n<h2 class=\"p2\">Aplicaciones de terceros<\/h2>\r\n<h3 class=\"p4\">Antispam Akismet<\/h3>\r\n<p class=\"p1\"><b>Informaci\u00f3n que recopilamos y duraci\u00f3n de su almacenamiento<\/b> Akismet comprueba sus comentarios en una base de datos global de spam en constante crecimiento para eliminar contenido irrelevante y malicioso antes de que se publique y da\u00f1e la credibilidad de nuestro sitio web. En nuestro sitio web s\u00f3lo se recopilan los datos personales necesarios para llevar a cabo la funci\u00f3n principal de Akismet de proteger nuestro sitio web contra el spam de comentarios. No vendemos los datos que env\u00eda al servicio Akismet y no los conservamos durante mucho tiempo. Tenemos periodos de retenci\u00f3n cortos, de entre dos semanas y noventa d\u00edas, para la gran mayor\u00eda de los datos relacionados con el spam, momento en el que se eliminan autom\u00e1ticamente de nuestras bases de datos.<\/p>\r\n<h3 class=\"p4\">Defender Pro<\/h3>\r\n<p class=\"p1\"><b>Terceros<\/b> Este sitio puede estar utilizando el almacenamiento en la nube de terceros de WPMU DEV para almacenar copias de seguridad de sus registros de auditor\u00eda donde se recopila informaci\u00f3n personal.<\/p>\r\n<p class=\"p1\"><b>Datos adicionales<\/b> Este sitio crea y almacena un registro de actividad que captura la direcci\u00f3n IP, el nombre de usuario, la direcci\u00f3n de correo electr\u00f3nico y rastrea la actividad del usuario (como cuando un usuario hace un comentario). La informaci\u00f3n se almacenar\u00e1 localmente durante 30 d\u00edas y de forma remota durante 1 a\u00f1o. La informaci\u00f3n de los registros remotos no se puede borrar por motivos de seguridad.<\/p>\r\n<h2 class=\"p2\">Enlaces a otros sitios web<\/h2>\r\n<p class=\"p1\">Nuestro Servicio puede contener enlaces a otros sitios web no operados por nosotros. Si hace clic en un enlace de terceros, ser\u00e1 dirigido al sitio web de ese tercero. Le recomendamos encarecidamente que revise la Pol\u00edtica de Privacidad de cada sitio que visite.<\/p>\r\n<p class=\"p1\">No tenemos ning\u00fan control ni asumimos ninguna responsabilidad por el contenido, las pol\u00edticas de privacidad o las pr\u00e1cticas de los sitios o servicios de terceros.<\/p>\r\n<h2 class=\"p2\">Cambios en esta Pol\u00edtica de Privacidad<\/h2>\r\n<p class=\"p1\">Podemos actualizar nuestra Pol\u00edtica de Privacidad de vez en cuando. Le notificaremos cualquier cambio publicando la nueva Pol\u00edtica de Privacidad en esta p\u00e1gina.<\/p>\r\n<p class=\"p1\">Se lo comunicaremos por correo electr\u00f3nico o mediante un aviso destacado en nuestro Servicio, antes de que el cambio entre en vigencia, y actualizaremos la fecha de \u201c\u00daltima actualizaci\u00f3n\u201d en la parte superior de esta Pol\u00edtica de Privacidad.<\/p>\r\n<p class=\"p1\">Le aconsejamos que revise peri\u00f3dicamente esta Pol\u00edtica de Privacidad para comprobar si se han producido cambios. Las modificaciones de esta Pol\u00edtica de Privacidad entrar\u00e1n en vigencia cuando se publiquen en esta p\u00e1gina.<\/p>\r\n<h2 class=\"p2\">Comun\u00edquese con nosotros<\/h2>\r\n<p class=\"p1\">Si tiene alguna pregunta sobre esta Pol\u00edtica de Privacidad, <a href=\"https:\/\/litensaftermarket.com\/es\/comuniquese-con-nosotros\/\">comun\u00edquese con nosotros<\/a>.<\/p>\r\n","protected":false},"excerpt":{"rendered":"<p>\u00daltima actualizaci\u00f3n: enero de 2024 Esta Pol\u00edtica de Privacidad describe nuestras pol\u00edticas y procedimientos sobre la recopilaci\u00f3n,&#8230;<\/p>\n","protected":false},"author":2,"featured_media":0,"parent":0,"menu_order":0,"comment_status":"closed","ping_status":"open","template":"page-plain-text.php","meta":{"_acf_changed":false,"om_disable_all_campaigns":false,"_monsterinsights_skip_tracking":false,"_monsterinsights_sitenote_active":false,"_monsterinsights_sitenote_note":"","_monsterinsights_sitenote_category":0,"_uf_show_specific_survey":0,"_uf_disable_surveys":false,"footnotes":""},"class_list":["post-1206","page","type-page","status-publish","hentry"],"acf":[],"aioseo_notices":[],"yoast_head":"<!-- This site is optimized with the Yoast SEO plugin v27.2 - https:\/\/yoast.com\/product\/yoast-seo-wordpress\/ -->\n<title>Pol\u00edtica de Privacidad - Litens Aftermarket<\/title>\n<meta name=\"robots\" content=\"index, follow, max-snippet:-1, max-image-preview:large, max-video-preview:-1\" \/>\n<link rel=\"canonical\" href=\"https:\/\/litensaftermarket.com\/es\/politica-de-privacidad\/\" \/>\n<meta property=\"og:locale\" content=\"es_ES\" \/>\n<meta property=\"og:type\" content=\"article\" \/>\n<meta property=\"og:title\" content=\"Pol\u00edtica de Privacidad - Litens Aftermarket\" \/>\n<meta property=\"og:description\" content=\"\u00daltima actualizaci\u00f3n: enero de 2024 Esta Pol\u00edtica de Privacidad describe nuestras pol\u00edticas y procedimientos sobre la recopilaci\u00f3n,...\" \/>\n<meta property=\"og:url\" content=\"https:\/\/litensaftermarket.com\/es\/politica-de-privacidad\/\" \/>\n<meta property=\"og:site_name\" content=\"Litens Aftermarket\" \/>\n<meta property=\"article:modified_time\" content=\"2024-02-08T21:30:56+00:00\" \/>\n<meta name=\"twitter:card\" content=\"summary_large_image\" \/>\n<meta name=\"twitter:label1\" content=\"Tiempo de lectura\" \/>\n\t<meta name=\"twitter:data1\" content=\"11 minutos\" \/>\n<script type=\"application\/ld+json\" class=\"yoast-schema-graph\">{\"@context\":\"https:\/\/schema.org\",\"@graph\":[{\"@type\":\"WebPage\",\"@id\":\"https:\/\/litensaftermarket.com\/es\/politica-de-privacidad\/\",\"url\":\"https:\/\/litensaftermarket.com\/es\/politica-de-privacidad\/\",\"name\":\"Pol\u00edtica de Privacidad - Litens Aftermarket\",\"isPartOf\":{\"@id\":\"https:\/\/litensaftermarket.com\/es\/#website\"},\"datePublished\":\"2023-10-18T16:11:15+00:00\",\"dateModified\":\"2024-02-08T21:30:56+00:00\",\"breadcrumb\":{\"@id\":\"https:\/\/litensaftermarket.com\/es\/politica-de-privacidad\/#breadcrumb\"},\"inLanguage\":\"es\",\"potentialAction\":[{\"@type\":\"ReadAction\",\"target\":[\"https:\/\/litensaftermarket.com\/es\/politica-de-privacidad\/\"]}]},{\"@type\":\"BreadcrumbList\",\"@id\":\"https:\/\/litensaftermarket.com\/es\/politica-de-privacidad\/#breadcrumb\",\"itemListElement\":[{\"@type\":\"ListItem\",\"position\":1,\"name\":\"Inicio\",\"item\":\"https:\/\/litensaftermarket.com\/es\/\"},{\"@type\":\"ListItem\",\"position\":2,\"name\":\"Pol\u00edtica de Privacidad\"}]},{\"@type\":\"WebSite\",\"@id\":\"https:\/\/litensaftermarket.com\/es\/#website\",\"url\":\"https:\/\/litensaftermarket.com\/es\/\",\"name\":\"Litens Aftermarket\",\"description\":\"\",\"potentialAction\":[{\"@type\":\"SearchAction\",\"target\":{\"@type\":\"EntryPoint\",\"urlTemplate\":\"https:\/\/litensaftermarket.com\/es\/?s={search_term_string}\"},\"query-input\":{\"@type\":\"PropertyValueSpecification\",\"valueRequired\":true,\"valueName\":\"search_term_string\"}}],\"inLanguage\":\"es\"}]}<\/script>\n<!-- \/ Yoast SEO plugin. -->","yoast_head_json":{"title":"Pol\u00edtica de Privacidad - Litens Aftermarket","robots":{"index":"index","follow":"follow","max-snippet":"max-snippet:-1","max-image-preview":"max-image-preview:large","max-video-preview":"max-video-preview:-1"},"canonical":"https:\/\/litensaftermarket.com\/es\/politica-de-privacidad\/","og_locale":"es_ES","og_type":"article","og_title":"Pol\u00edtica de Privacidad - Litens Aftermarket","og_description":"\u00daltima actualizaci\u00f3n: enero de 2024 Esta Pol\u00edtica de Privacidad describe nuestras pol\u00edticas y procedimientos sobre la recopilaci\u00f3n,...","og_url":"https:\/\/litensaftermarket.com\/es\/politica-de-privacidad\/","og_site_name":"Litens Aftermarket","article_modified_time":"2024-02-08T21:30:56+00:00","twitter_card":"summary_large_image","twitter_misc":{"Tiempo de lectura":"11 minutos"},"schema":{"@context":"https:\/\/schema.org","@graph":[{"@type":"WebPage","@id":"https:\/\/litensaftermarket.com\/es\/politica-de-privacidad\/","url":"https:\/\/litensaftermarket.com\/es\/politica-de-privacidad\/","name":"Pol\u00edtica de Privacidad - Litens Aftermarket","isPartOf":{"@id":"https:\/\/litensaftermarket.com\/es\/#website"},"datePublished":"2023-10-18T16:11:15+00:00","dateModified":"2024-02-08T21:30:56+00:00","breadcrumb":{"@id":"https:\/\/litensaftermarket.com\/es\/politica-de-privacidad\/#breadcrumb"},"inLanguage":"es","potentialAction":[{"@type":"ReadAction","target":["https:\/\/litensaftermarket.com\/es\/politica-de-privacidad\/"]}]},{"@type":"BreadcrumbList","@id":"https:\/\/litensaftermarket.com\/es\/politica-de-privacidad\/#breadcrumb","itemListElement":[{"@type":"ListItem","position":1,"name":"Inicio","item":"https:\/\/litensaftermarket.com\/es\/"},{"@type":"ListItem","position":2,"name":"Pol\u00edtica de Privacidad"}]},{"@type":"WebSite","@id":"https:\/\/litensaftermarket.com\/es\/#website","url":"https:\/\/litensaftermarket.com\/es\/","name":"Litens Aftermarket","description":"","potentialAction":[{"@type":"SearchAction","target":{"@type":"EntryPoint","urlTemplate":"https:\/\/litensaftermarket.com\/es\/?s={search_term_string}"},"query-input":{"@type":"PropertyValueSpecification","valueRequired":true,"valueName":"search_term_string"}}],"inLanguage":"es"}]}},"_links":{"self":[{"href":"https:\/\/litensaftermarket.com\/es\/wp-json\/wp\/v2\/pages\/1206","targetHints":{"allow":["GET"]}}],"collection":[{"href":"https:\/\/litensaftermarket.com\/es\/wp-json\/wp\/v2\/pages"}],"about":[{"href":"https:\/\/litensaftermarket.com\/es\/wp-json\/wp\/v2\/types\/page"}],"author":[{"embeddable":true,"href":"https:\/\/litensaftermarket.com\/es\/wp-json\/wp\/v2\/users\/2"}],"replies":[{"embeddable":true,"href":"https:\/\/litensaftermarket.com\/es\/wp-json\/wp\/v2\/comments?post=1206"}],"version-history":[{"count":0,"href":"https:\/\/litensaftermarket.com\/es\/wp-json\/wp\/v2\/pages\/1206\/revisions"}],"wp:attachment":[{"href":"https:\/\/litensaftermarket.com\/es\/wp-json\/wp\/v2\/media?parent=1206"}],"curies":[{"name":"wp","href":"https:\/\/api.w.org\/{rel}","templated":true}]}}